{"id":531,"date":"2024-11-25T12:47:15","date_gmt":"2024-11-25T11:47:15","guid":{"rendered":"https:\/\/aneormazabal.eus\/hasiera\/"},"modified":"2025-03-10T22:00:15","modified_gmt":"2025-03-10T21:00:15","slug":"hasiera","status":"publish","type":"page","link":"https:\/\/aneormazabal.eus\/es\/","title":{"rendered":"Hogar"},"content":{"rendered":"\t\t<div data-elementor-type=\"wp-page\" data-elementor-id=\"531\" class=\"elementor elementor-531 elementor-17\" data-elementor-post-type=\"page\">\n\t\t\t\t<div class=\"elementor-element elementor-element-2084307 e-flex e-con-boxed e-con e-parent\" data-id=\"2084307\" data-element_type=\"container\" data-e-type=\"container\" data-settings=\"{&quot;background_background&quot;:&quot;slideshow&quot;,&quot;background_slideshow_gallery&quot;:[{&quot;id&quot;:36,&quot;url&quot;:&quot;https:\\\/\\\/aneormazabal.eus\\\/wp-content\\\/uploads\\\/2024\\\/11\\\/3-osteopatia-eskuak-jantzita.jpg&quot;},{&quot;id&quot;:35,&quot;url&quot;:&quot;https:\\\/\\\/aneormazabal.eus\\\/wp-content\\\/uploads\\\/2024\\\/11\\\/2-osteopatia-ana.jpg&quot;},{&quot;id&quot;:38,&quot;url&quot;:&quot;https:\\\/\\\/aneormazabal.eus\\\/wp-content\\\/uploads\\\/2024\\\/11\\\/5-fisioosteopatia-oina.jpg&quot;},{&quot;id&quot;:39,&quot;url&quot;:&quot;https:\\\/\\\/aneormazabal.eus\\\/wp-content\\\/uploads\\\/2024\\\/11\\\/6-fisioterapia-muslo.jpg&quot;}],&quot;background_slideshow_loop&quot;:&quot;yes&quot;,&quot;background_slideshow_slide_duration&quot;:5000,&quot;background_slideshow_slide_transition&quot;:&quot;fade&quot;,&quot;background_slideshow_transition_duration&quot;:500}\">\n\t\t\t\t\t<div class=\"e-con-inner\">\n\t\t<div class=\"elementor-element elementor-element-ab53a18 e-con-full e-flex e-con e-child\" data-id=\"ab53a18\" data-element_type=\"container\" data-e-type=\"container\">\n\t\t\t\t<div class=\"elementor-element elementor-element-2d64b0b elementor-hidden-mobile elementor-widget elementor-widget-heading\" data-id=\"2d64b0b\" data-element_type=\"widget\" data-e-type=\"widget\" data-widget_type=\"heading.default\">\n\t\t\t\t<div class=\"elementor-widget-container\">\n\t\t\t\t\t<h1 class=\"elementor-heading-title elementor-size-default\">La salud<br> desde una <br>visi\u00f3n hol\u00edstica<\/h1>\t\t\t\t<\/div>\n\t\t\t\t<\/div>\n\t\t\t\t<\/div>\n\t\t\t\t\t<\/div>\n\t\t\t\t<\/div>\n\t\t<div class=\"elementor-element elementor-element-37e690c elementor-hidden-desktop elementor-hidden-laptop elementor-hidden-tablet e-flex e-con-boxed e-con e-parent\" data-id=\"37e690c\" data-element_type=\"container\" data-e-type=\"container\" data-settings=\"{&quot;background_background&quot;:&quot;classic&quot;}\">\n\t\t\t\t\t<div class=\"e-con-inner\">\n\t\t\t\t<div class=\"elementor-element elementor-element-17de3bb elementor-widget elementor-widget-heading\" data-id=\"17de3bb\" data-element_type=\"widget\" data-e-type=\"widget\" data-widget_type=\"heading.default\">\n\t\t\t\t<div class=\"elementor-widget-container\">\n\t\t\t\t\t<h1 class=\"elementor-heading-title elementor-size-default\">La salud<br> desde una <br>visi\u00f3n hol\u00edstica<\/h1>\t\t\t\t<\/div>\n\t\t\t\t<\/div>\n\t\t\t\t\t<\/div>\n\t\t\t\t<\/div>\n\t\t<div class=\"elementor-element elementor-element-bda5f90 e-flex e-con-boxed e-con e-parent\" data-id=\"bda5f90\" data-element_type=\"container\" data-e-type=\"container\">\n\t\t\t\t\t<div class=\"e-con-inner\">\n\t\t<div class=\"elementor-element elementor-element-39acf74 e-con-full e-flex e-con e-child\" data-id=\"39acf74\" data-element_type=\"container\" data-e-type=\"container\">\n\t\t\t\t<div class=\"elementor-element elementor-element-744d189 elementor-widget elementor-widget-heading\" data-id=\"744d189\" data-element_type=\"widget\" data-e-type=\"widget\" data-widget_type=\"heading.default\">\n\t\t\t\t<div class=\"elementor-widget-container\">\n\t\t\t\t\t<h2 class=\"elementor-heading-title elementor-size-default\">Ane Ormaz\u00e1bal<\/h2>\t\t\t\t<\/div>\n\t\t\t\t<\/div>\n\t\t\t\t<div class=\"elementor-element elementor-element-4e692f1 elementor-widget elementor-widget-text-editor\" data-id=\"4e692f1\" data-element_type=\"widget\" data-e-type=\"widget\" data-widget_type=\"text-editor.default\">\n\t\t\t\t<div class=\"elementor-widget-container\">\n\t\t\t\t\t\t\t\t\t<div class=\"page\" title=\"P\u00e1gina 4\">\n<div class=\"section\">\n<div class=\"layoutArea\">\n<div class=\"column\">\n<p>Ofrezco un tratamiento que combina diferentes t\u00e9cnicas para encontrar y tratar la lesi\u00f3n subyacente, la raz\u00f3n detr\u00e1s de los s\u00edntomas, siempre con honestidad y respeto.<\/p>\n<\/div>\n<\/div>\n<\/div>\n<\/div>\n\t\t\t\t\t\t\t\t<\/div>\n\t\t\t\t<\/div>\n\t\t\t\t<div class=\"elementor-element elementor-element-9a643d2 elementor-widget elementor-widget-button\" data-id=\"9a643d2\" data-element_type=\"widget\" data-e-type=\"widget\" data-widget_type=\"button.default\">\n\t\t\t\t<div class=\"elementor-widget-container\">\n\t\t\t\t\t\t\t\t\t<div class=\"elementor-button-wrapper\">\n\t\t\t\t\t<a class=\"elementor-button elementor-button-link elementor-size-sm\" href=\"https:\/\/aneormazabal.eus\/es\/ane-ormazabal\/\">\n\t\t\t\t\t\t<span class=\"elementor-button-content-wrapper\">\n\t\t\t\t\t\t\t\t\t<span class=\"elementor-button-text\">Descubrir +<\/span>\n\t\t\t\t\t<\/span>\n\t\t\t\t\t<\/a>\n\t\t\t\t<\/div>\n\t\t\t\t\t\t\t\t<\/div>\n\t\t\t\t<\/div>\n\t\t\t\t<\/div>\n\t\t<div class=\"elementor-element elementor-element-7688ad0 e-con-full e-flex e-con e-child\" data-id=\"7688ad0\" data-element_type=\"container\" data-e-type=\"container\">\n\t\t\t\t<div class=\"elementor-element elementor-element-5fcad4e elementor-widget elementor-widget-image\" data-id=\"5fcad4e\" data-element_type=\"widget\" data-e-type=\"widget\" data-widget_type=\"image.default\">\n\t\t\t\t<div class=\"elementor-widget-container\">\n\t\t\t\t\t\t\t\t\t\t\t\t\t\t\t<img fetchpriority=\"high\" decoding=\"async\" width=\"1500\" height=\"1000\" src=\"https:\/\/aneormazabal.eus\/wp-content\/uploads\/2024\/11\/ni-presentatzeko.jpg\" class=\"attachment-full size-full wp-image-247\" alt=\"\" srcset=\"https:\/\/aneormazabal.eus\/wp-content\/uploads\/2024\/11\/ni-presentatzeko.jpg 1500w, https:\/\/aneormazabal.eus\/wp-content\/uploads\/2024\/11\/ni-presentatzeko-800x533.jpg 800w, https:\/\/aneormazabal.eus\/wp-content\/uploads\/2024\/11\/ni-presentatzeko-1200x800.jpg 1200w, https:\/\/aneormazabal.eus\/wp-content\/uploads\/2024\/11\/ni-presentatzeko-768x512.jpg 768w\" sizes=\"(max-width: 1500px) 100vw, 1500px\" \/>\t\t\t\t\t\t\t\t\t\t\t\t\t\t\t<\/div>\n\t\t\t\t<\/div>\n\t\t\t\t<\/div>\n\t\t\t\t\t<\/div>\n\t\t\t\t<\/div>\n\t\t<div class=\"elementor-element elementor-element-7ba7f29 e-flex e-con-boxed e-con e-parent\" data-id=\"7ba7f29\" data-element_type=\"container\" data-e-type=\"container\">\n\t\t\t\t\t<div class=\"e-con-inner\">\n\t\t\t\t<div class=\"elementor-element elementor-element-2d321c3 elementor-widget elementor-widget-heading\" data-id=\"2d321c3\" data-element_type=\"widget\" data-e-type=\"widget\" data-widget_type=\"heading.default\">\n\t\t\t\t<div class=\"elementor-widget-container\">\n\t\t\t\t\t<h2 class=\"elementor-heading-title elementor-size-default\">Servicios<\/h2>\t\t\t\t<\/div>\n\t\t\t\t<\/div>\n\t\t<div class=\"elementor-element elementor-element-3c2892c e-grid e-con-full e-con e-child\" data-id=\"3c2892c\" data-element_type=\"container\" data-e-type=\"container\">\n\t\t\t\t<div class=\"elementor-element elementor-element-8c7f23e elementor-position-top elementor-widget elementor-widget-image-box\" data-id=\"8c7f23e\" data-element_type=\"widget\" data-e-type=\"widget\" data-widget_type=\"image-box.default\">\n\t\t\t\t<div class=\"elementor-widget-container\">\n\t\t\t\t\t<div class=\"elementor-image-box-wrapper\"><figure class=\"elementor-image-box-img\"><a href=\"https:\/\/aneormazabal.eus\/es\/osteopatia\/\" tabindex=\"-1\"><img decoding=\"async\" width=\"1500\" height=\"1000\" src=\"https:\/\/aneormazabal.eus\/wp-content\/uploads\/2024\/11\/4-osteopatia-maddi.jpg\" class=\"attachment-full size-full wp-image-37\" alt=\"\" srcset=\"https:\/\/aneormazabal.eus\/wp-content\/uploads\/2024\/11\/4-osteopatia-maddi.jpg 1500w, https:\/\/aneormazabal.eus\/wp-content\/uploads\/2024\/11\/4-osteopatia-maddi-800x533.jpg 800w, https:\/\/aneormazabal.eus\/wp-content\/uploads\/2024\/11\/4-osteopatia-maddi-1200x800.jpg 1200w, https:\/\/aneormazabal.eus\/wp-content\/uploads\/2024\/11\/4-osteopatia-maddi-768x512.jpg 768w\" sizes=\"(max-width: 1500px) 100vw, 1500px\" \/><\/a><\/figure><div class=\"elementor-image-box-content\"><h3 class=\"elementor-image-box-title\"><a href=\"https:\/\/aneormazabal.eus\/es\/osteopatia\/\">Osteopat\u00eda<\/a><\/h3><p class=\"elementor-image-box-description\">Considerando la funci\u00f3n como sin\u00f3nimo de movimiento, la osteopat\u00eda es una herramienta que asegura el movimiento.<\/p><\/div><\/div>\t\t\t\t<\/div>\n\t\t\t\t<\/div>\n\t\t\t\t<div class=\"elementor-element elementor-element-4220ead elementor-position-top elementor-widget elementor-widget-image-box\" data-id=\"4220ead\" data-element_type=\"widget\" data-e-type=\"widget\" data-widget_type=\"image-box.default\">\n\t\t\t\t<div class=\"elementor-widget-container\">\n\t\t\t\t\t<div class=\"elementor-image-box-wrapper\"><figure class=\"elementor-image-box-img\"><a href=\"https:\/\/aneormazabal.eus\/es\/pni-clinica\/\" tabindex=\"-1\"><img decoding=\"async\" width=\"1500\" height=\"1000\" src=\"https:\/\/aneormazabal.eus\/wp-content\/uploads\/2024\/11\/10-pni.jpg\" class=\"attachment-full size-full wp-image-43\" alt=\"\" srcset=\"https:\/\/aneormazabal.eus\/wp-content\/uploads\/2024\/11\/10-pni.jpg 1500w, https:\/\/aneormazabal.eus\/wp-content\/uploads\/2024\/11\/10-pni-800x533.jpg 800w, https:\/\/aneormazabal.eus\/wp-content\/uploads\/2024\/11\/10-pni-1200x800.jpg 1200w, https:\/\/aneormazabal.eus\/wp-content\/uploads\/2024\/11\/10-pni-768x512.jpg 768w\" sizes=\"(max-width: 1500px) 100vw, 1500px\" \/><\/a><\/figure><div class=\"elementor-image-box-content\"><h3 class=\"elementor-image-box-title\"><a href=\"https:\/\/aneormazabal.eus\/es\/pni-clinica\/\">PNI cl\u00ednico<\/a><\/h3><p class=\"elementor-image-box-description\">La PsicoNeuroEndocrino-\n<br>Inmunolog\u00eda explica la conexi\u00f3n entre los sistemas del cuerpo, para un tratamiento hol\u00edstico.<\/p><\/div><\/div>\t\t\t\t<\/div>\n\t\t\t\t<\/div>\n\t\t\t\t<div class=\"elementor-element elementor-element-cb29bfa elementor-position-top elementor-widget elementor-widget-image-box\" data-id=\"cb29bfa\" data-element_type=\"widget\" data-e-type=\"widget\" data-widget_type=\"image-box.default\">\n\t\t\t\t<div class=\"elementor-widget-container\">\n\t\t\t\t\t<div class=\"elementor-image-box-wrapper\"><figure class=\"elementor-image-box-img\"><a href=\"https:\/\/aneormazabal.eus\/es\/fertilidad-y-salud-hormonal\/\" tabindex=\"-1\"><img loading=\"lazy\" decoding=\"async\" width=\"1500\" height=\"1000\" src=\"https:\/\/aneormazabal.eus\/wp-content\/uploads\/2024\/11\/3-osteopatia-eskuak-jantzita.jpg\" class=\"attachment-full size-full wp-image-36\" alt=\"\" srcset=\"https:\/\/aneormazabal.eus\/wp-content\/uploads\/2024\/11\/3-osteopatia-eskuak-jantzita.jpg 1500w, https:\/\/aneormazabal.eus\/wp-content\/uploads\/2024\/11\/3-osteopatia-eskuak-jantzita-800x533.jpg 800w, https:\/\/aneormazabal.eus\/wp-content\/uploads\/2024\/11\/3-osteopatia-eskuak-jantzita-1200x800.jpg 1200w, https:\/\/aneormazabal.eus\/wp-content\/uploads\/2024\/11\/3-osteopatia-eskuak-jantzita-768x512.jpg 768w\" sizes=\"(max-width: 1500px) 100vw, 1500px\" \/><\/a><\/figure><div class=\"elementor-image-box-content\"><h4 class=\"elementor-image-box-title\"><a href=\"https:\/\/aneormazabal.eus\/es\/fertilidad-y-salud-hormonal\/\">PNI Fertilidad y Salud Hormonal <\/a><\/h4><p class=\"elementor-image-box-description\">Se trata de una herramienta que permite colocar el sistema endocrino en el centro de tratamiento, siendo el objetivo la salud en general o la fertilidad.<\/p><\/div><\/div>\t\t\t\t<\/div>\n\t\t\t\t<\/div>\n\t\t\t\t<div class=\"elementor-element elementor-element-109a8c5 elementor-position-top elementor-widget elementor-widget-image-box\" data-id=\"109a8c5\" data-element_type=\"widget\" data-e-type=\"widget\" data-widget_type=\"image-box.default\">\n\t\t\t\t<div class=\"elementor-widget-container\">\n\t\t\t\t\t<div class=\"elementor-image-box-wrapper\"><figure class=\"elementor-image-box-img\"><a href=\"https:\/\/aneormazabal.eus\/es\/fisioterapia\/\" tabindex=\"-1\"><img loading=\"lazy\" decoding=\"async\" width=\"1500\" height=\"1000\" src=\"https:\/\/aneormazabal.eus\/wp-content\/uploads\/2024\/11\/7-fisioterapia-muslo.jpg\" class=\"attachment-full size-full wp-image-40\" alt=\"\" srcset=\"https:\/\/aneormazabal.eus\/wp-content\/uploads\/2024\/11\/7-fisioterapia-muslo.jpg 1500w, https:\/\/aneormazabal.eus\/wp-content\/uploads\/2024\/11\/7-fisioterapia-muslo-800x533.jpg 800w, https:\/\/aneormazabal.eus\/wp-content\/uploads\/2024\/11\/7-fisioterapia-muslo-1200x800.jpg 1200w, https:\/\/aneormazabal.eus\/wp-content\/uploads\/2024\/11\/7-fisioterapia-muslo-768x512.jpg 768w\" sizes=\"(max-width: 1500px) 100vw, 1500px\" \/><\/a><\/figure><div class=\"elementor-image-box-content\"><h3 class=\"elementor-image-box-title\"><a href=\"https:\/\/aneormazabal.eus\/es\/fisioterapia\/\">Fisioterapia<\/a><\/h3><p class=\"elementor-image-box-description\">Es un tratamiento que encuentra soluci\u00f3n al dolor musculoesquel\u00e9tico.<\/p><\/div><\/div>\t\t\t\t<\/div>\n\t\t\t\t<\/div>\n\t\t\t\t<\/div>\n\t\t\t\t\t<\/div>\n\t\t\t\t<\/div>\n\t\t<div class=\"elementor-element elementor-element-1d59eb5 e-flex e-con-boxed e-con e-parent\" data-id=\"1d59eb5\" data-element_type=\"container\" data-e-type=\"container\">\n\t\t\t\t\t<div class=\"e-con-inner\">\n\t\t\t\t\t<\/div>\n\t\t\t\t<\/div>\n\t\t\t\t<\/div>\n\t\t","protected":false},"excerpt":{"rendered":"<p>La salud desde una visi\u00f3n hol\u00edstica La salud desde una visi\u00f3n hol\u00edstica Ane Ormaz\u00e1bal Ofrezco un tratamiento que combina diferentes [&hellip;]<\/p>\n","protected":false},"author":1,"featured_media":0,"parent":0,"menu_order":0,"comment_status":"closed","ping_status":"closed","template":"","meta":{"site-sidebar-layout":"no-sidebar","site-content-layout":"","ast-site-content-layout":"full-width-container","site-content-style":"default","site-sidebar-style":"default","ast-global-header-display":"","ast-banner-title-visibility":"","ast-main-header-display":"","ast-hfb-above-header-display":"","ast-hfb-below-header-display":"","ast-hfb-mobile-header-display":"","site-post-title":"disabled","ast-breadcrumbs-content":"","ast-featured-img":"disabled","footer-sml-layout":"","ast-disable-related-posts":"","theme-transparent-header-meta":"enabled","adv-header-id-meta":"","stick-header-meta":"","header-above-stick-meta":"","header-main-stick-meta":"","header-below-stick-meta":"","astra-migrate-meta-layouts":"default","ast-page-background-enabled":"default","ast-page-background-meta":{"desktop":{"background-color":"var(--ast-global-color-4)","background-image":"","background-repeat":"repeat","background-position":"center center","background-size":"auto","background-attachment":"scroll","background-type":"","background-media":"","overlay-type":"","overlay-color":"","overlay-opacity":"","overlay-gradient":""},"tablet":{"background-color":"","background-image":"","background-repeat":"repeat","background-position":"center center","background-size":"auto","background-attachment":"scroll","background-type":"","background-media":"","overlay-type":"","overlay-color":"","overlay-opacity":"","overlay-gradient":""},"mobile":{"background-color":"","background-image":"","background-repeat":"repeat","background-position":"center center","background-size":"auto","background-attachment":"scroll","background-type":"","background-media":"","overlay-type":"","overlay-color":"","overlay-opacity":"","overlay-gradient":""}},"ast-content-background-meta":{"desktop":{"background-color":"var(--ast-global-color-5)","background-image":"","background-repeat":"repeat","background-position":"center center","background-size":"auto","background-attachment":"scroll","background-type":"","background-media":"","overlay-type":"","overlay-color":"","overlay-opacity":"","overlay-gradient":""},"tablet":{"background-color":"var(--ast-global-color-5)","background-image":"","background-repeat":"repeat","background-position":"center center","background-size":"auto","background-attachment":"scroll","background-type":"","background-media":"","overlay-type":"","overlay-color":"","overlay-opacity":"","overlay-gradient":""},"mobile":{"background-color":"var(--ast-global-color-5)","background-image":"","background-repeat":"repeat","background-position":"center center","background-size":"auto","background-attachment":"scroll","background-type":"","background-media":"","overlay-type":"","overlay-color":"","overlay-opacity":"","overlay-gradient":""}},"footnotes":""},"class_list":["post-531","page","type-page","status-publish","hentry"],"yoast_head":"<!-- This site is optimized with the Yoast SEO plugin v26.9 - https:\/\/yoast.com\/product\/yoast-seo-wordpress\/ -->\n<title>Ane Ormazabal<\/title>\n<meta name=\"description\" content=\"Servicios de osteopat\u00eda, PNI cl\u00ednica y fisioterapia en San Sebasti\u00e1n. Desde la solidaridad, nos preocupamos por la salud.\" \/>\n<meta name=\"robots\" content=\"index, follow, max-snippet:-1, max-image-preview:large, max-video-preview:-1\" \/>\n<link rel=\"canonical\" href=\"https:\/\/aneormazabal.eus\/es\/\" \/>\n<meta property=\"og:locale\" content=\"es_ES\" \/>\n<meta property=\"og:type\" content=\"article\" \/>\n<meta property=\"og:title\" content=\"Ane Ormazabal\" \/>\n<meta property=\"og:description\" content=\"Servicios de osteopat\u00eda, PNI cl\u00ednica y fisioterapia en San Sebasti\u00e1n. Desde la solidaridad, nos preocupamos por la salud.\" \/>\n<meta property=\"og:url\" content=\"https:\/\/aneormazabal.eus\/es\/\" \/>\n<meta property=\"og:site_name\" content=\"Ane Ormazabal\" \/>\n<meta property=\"article:modified_time\" content=\"2025-03-10T21:00:15+00:00\" \/>\n<meta property=\"og:image\" content=\"https:\/\/aneormazabal.eus\/wp-content\/uploads\/2024\/11\/ni-presentatzeko.jpg\" \/>\n\t<meta property=\"og:image:width\" content=\"1500\" \/>\n\t<meta property=\"og:image:height\" content=\"1000\" \/>\n\t<meta property=\"og:image:type\" content=\"image\/jpeg\" \/>\n<meta name=\"twitter:card\" content=\"summary_large_image\" \/>\n<meta name=\"twitter:label1\" content=\"Tiempo de lectura\" \/>\n\t<meta name=\"twitter:data1\" content=\"2 minutos\" \/>\n<script type=\"application\/ld+json\" class=\"yoast-schema-graph\">{\"@context\":\"https:\/\/schema.org\",\"@graph\":[{\"@type\":\"WebPage\",\"@id\":\"https:\/\/aneormazabal.eus\/es\/\",\"url\":\"https:\/\/aneormazabal.eus\/es\/\",\"name\":\"Ane Ormazabal\",\"isPartOf\":{\"@id\":\"https:\/\/aneormazabal.eus\/es\/#website\"},\"primaryImageOfPage\":{\"@id\":\"https:\/\/aneormazabal.eus\/es\/#primaryimage\"},\"image\":{\"@id\":\"https:\/\/aneormazabal.eus\/es\/#primaryimage\"},\"thumbnailUrl\":\"https:\/\/aneormazabal.eus\/wp-content\/uploads\/2024\/11\/ni-presentatzeko.jpg\",\"datePublished\":\"2024-11-25T11:47:15+00:00\",\"dateModified\":\"2025-03-10T21:00:15+00:00\",\"description\":\"Servicios de osteopat\u00eda, PNI cl\u00ednica y fisioterapia en San Sebasti\u00e1n. Desde la solidaridad, nos preocupamos por la salud.\",\"breadcrumb\":{\"@id\":\"https:\/\/aneormazabal.eus\/es\/#breadcrumb\"},\"inLanguage\":\"es\",\"potentialAction\":[{\"@type\":\"ReadAction\",\"target\":[\"https:\/\/aneormazabal.eus\/es\/\"]}]},{\"@type\":\"ImageObject\",\"inLanguage\":\"es\",\"@id\":\"https:\/\/aneormazabal.eus\/es\/#primaryimage\",\"url\":\"https:\/\/aneormazabal.eus\/wp-content\/uploads\/2024\/11\/ni-presentatzeko.jpg\",\"contentUrl\":\"https:\/\/aneormazabal.eus\/wp-content\/uploads\/2024\/11\/ni-presentatzeko.jpg\"},{\"@type\":\"BreadcrumbList\",\"@id\":\"https:\/\/aneormazabal.eus\/es\/#breadcrumb\",\"itemListElement\":[{\"@type\":\"ListItem\",\"position\":1,\"name\":\"Home\",\"item\":\"https:\/\/aneormazabal.eus\/es\/\"},{\"@type\":\"ListItem\",\"position\":2,\"name\":\"Hogar\"}]},{\"@type\":\"WebSite\",\"@id\":\"https:\/\/aneormazabal.eus\/es\/#website\",\"url\":\"https:\/\/aneormazabal.eus\/es\/\",\"name\":\"Ane Ormazabal\",\"description\":\"\",\"potentialAction\":[{\"@type\":\"SearchAction\",\"target\":{\"@type\":\"EntryPoint\",\"urlTemplate\":\"https:\/\/aneormazabal.eus\/es\/?s={search_term_string}\"},\"query-input\":{\"@type\":\"PropertyValueSpecification\",\"valueRequired\":true,\"valueName\":\"search_term_string\"}}],\"inLanguage\":\"es\"}]}<\/script>\n<!-- \/ Yoast SEO plugin. -->","yoast_head_json":{"title":"Ane Ormazabal","description":"Servicios de osteopat\u00eda, PNI cl\u00ednica y fisioterapia en San Sebasti\u00e1n. Desde la solidaridad, nos preocupamos por la salud.","robots":{"index":"index","follow":"follow","max-snippet":"max-snippet:-1","max-image-preview":"max-image-preview:large","max-video-preview":"max-video-preview:-1"},"canonical":"https:\/\/aneormazabal.eus\/es\/","og_locale":"es_ES","og_type":"article","og_title":"Ane Ormazabal","og_description":"Servicios de osteopat\u00eda, PNI cl\u00ednica y fisioterapia en San Sebasti\u00e1n. Desde la solidaridad, nos preocupamos por la salud.","og_url":"https:\/\/aneormazabal.eus\/es\/","og_site_name":"Ane Ormazabal","article_modified_time":"2025-03-10T21:00:15+00:00","og_image":[{"width":1500,"height":1000,"url":"https:\/\/aneormazabal.eus\/wp-content\/uploads\/2024\/11\/ni-presentatzeko.jpg","type":"image\/jpeg"}],"twitter_card":"summary_large_image","twitter_misc":{"Tiempo de lectura":"2 minutos"},"schema":{"@context":"https:\/\/schema.org","@graph":[{"@type":"WebPage","@id":"https:\/\/aneormazabal.eus\/es\/","url":"https:\/\/aneormazabal.eus\/es\/","name":"Ane Ormazabal","isPartOf":{"@id":"https:\/\/aneormazabal.eus\/es\/#website"},"primaryImageOfPage":{"@id":"https:\/\/aneormazabal.eus\/es\/#primaryimage"},"image":{"@id":"https:\/\/aneormazabal.eus\/es\/#primaryimage"},"thumbnailUrl":"https:\/\/aneormazabal.eus\/wp-content\/uploads\/2024\/11\/ni-presentatzeko.jpg","datePublished":"2024-11-25T11:47:15+00:00","dateModified":"2025-03-10T21:00:15+00:00","description":"Servicios de osteopat\u00eda, PNI cl\u00ednica y fisioterapia en San Sebasti\u00e1n. Desde la solidaridad, nos preocupamos por la salud.","breadcrumb":{"@id":"https:\/\/aneormazabal.eus\/es\/#breadcrumb"},"inLanguage":"es","potentialAction":[{"@type":"ReadAction","target":["https:\/\/aneormazabal.eus\/es\/"]}]},{"@type":"ImageObject","inLanguage":"es","@id":"https:\/\/aneormazabal.eus\/es\/#primaryimage","url":"https:\/\/aneormazabal.eus\/wp-content\/uploads\/2024\/11\/ni-presentatzeko.jpg","contentUrl":"https:\/\/aneormazabal.eus\/wp-content\/uploads\/2024\/11\/ni-presentatzeko.jpg"},{"@type":"BreadcrumbList","@id":"https:\/\/aneormazabal.eus\/es\/#breadcrumb","itemListElement":[{"@type":"ListItem","position":1,"name":"Home","item":"https:\/\/aneormazabal.eus\/es\/"},{"@type":"ListItem","position":2,"name":"Hogar"}]},{"@type":"WebSite","@id":"https:\/\/aneormazabal.eus\/es\/#website","url":"https:\/\/aneormazabal.eus\/es\/","name":"Ane Ormazabal","description":"","potentialAction":[{"@type":"SearchAction","target":{"@type":"EntryPoint","urlTemplate":"https:\/\/aneormazabal.eus\/es\/?s={search_term_string}"},"query-input":{"@type":"PropertyValueSpecification","valueRequired":true,"valueName":"search_term_string"}}],"inLanguage":"es"}]}},"_links":{"self":[{"href":"https:\/\/aneormazabal.eus\/es\/wp-json\/wp\/v2\/pages\/531","targetHints":{"allow":["GET"]}}],"collection":[{"href":"https:\/\/aneormazabal.eus\/es\/wp-json\/wp\/v2\/pages"}],"about":[{"href":"https:\/\/aneormazabal.eus\/es\/wp-json\/wp\/v2\/types\/page"}],"author":[{"embeddable":true,"href":"https:\/\/aneormazabal.eus\/es\/wp-json\/wp\/v2\/users\/1"}],"replies":[{"embeddable":true,"href":"https:\/\/aneormazabal.eus\/es\/wp-json\/wp\/v2\/comments?post=531"}],"version-history":[{"count":39,"href":"https:\/\/aneormazabal.eus\/es\/wp-json\/wp\/v2\/pages\/531\/revisions"}],"predecessor-version":[{"id":758,"href":"https:\/\/aneormazabal.eus\/es\/wp-json\/wp\/v2\/pages\/531\/revisions\/758"}],"wp:attachment":[{"href":"https:\/\/aneormazabal.eus\/es\/wp-json\/wp\/v2\/media?parent=531"}],"curies":[{"name":"wp","href":"https:\/\/api.w.org\/{rel}","templated":true}]}}